{"id":72,"date":"2021-05-14T18:03:07","date_gmt":"2021-05-14T16:03:07","guid":{"rendered":"http:\/\/serdart.eu\/?page_id=72"},"modified":"2021-05-14T21:30:20","modified_gmt":"2021-05-14T19:30:20","slug":"opticka-umjetnost","status":"publish","type":"page","link":"https:\/\/serdart.eu\/index.php\/opticka-umjetnost\/","title":{"rendered":"OPTI\u010cKA UMJETNOST"},"content":{"rendered":"\n<p><strong>Opti\u010dka i Kineti\u010dka umjetnost<\/strong><\/p>\n\n\n\n<div class=\"wp-block-image is-style-default\"><figure class=\"alignleft size-large is-resized\"><img loading=\"lazy\" src=\"http:\/\/serdart.eu\/wp-content\/uploads\/2021\/05\/tamigraphie1.jpg\" alt=\"\" class=\"wp-image-92\" width=\"288\" height=\"523\" srcset=\"https:\/\/serdart.eu\/wp-content\/uploads\/2021\/05\/tamigraphie1.jpg 373w, https:\/\/serdart.eu\/wp-content\/uploads\/2021\/05\/tamigraphie1-165x300.jpg 165w\" sizes=\"(max-width: 288px) 100vw, 288px\" \/><\/figure><\/div>\n\n\n\n<p>Op art ili Opti\u010dka umjetnost vas poziva da aktivno pogledate sliku i igrate se kineti\u010dkim i &nbsp;opti\u010dkim efektima koje je umjetnik stvorio. Moje slike su stati\u010dne ali ih va\u0161 mozak mo\u017ee staviti u virtualni pokret te im mo\u017ee po \u017eelji promijeniti vizualnu percepciju. Ovo je sve mogu\u0107e jer dizajn i aplicirane boje kriju nekoliko sadr\u017eaja koje aktivno oko mo\u017ee percipirati kao konkavne ili konveksne. Moj rad se sastoji u kori\u0161tenju abstraktnih i polufigurativnih oblika i boja da bi se stvorile duple slike koje su u savr\u0161enoj ravnote\u017ei.<\/p>\n\n\n\n<p>Serigrafija dopu\u0161ta skoro savr\u0161eno apliciranje boja tako da detalji ne privla\u010de va\u0161e oko. Na taj na\u010din mo\u017eete zaboraviti materijalnost slike i fokusirati se na su\u0161tinu slikovne poruke \u0161to je kineti\u010dki moment.<\/p>\n\n\n\n<p>Sada je na vama da poku\u0161ate, uhvatite to\u010dku ravnote\u017ee i usavr\u0161ite prebacivanje iz jednog u drugi sadr\u017eaj. Na taj na\u010din aktivno sudjelujete u pokretanju mojih slika!<\/p>\n\n\n\n<p>Kako sam se zainteresirao za Opti\u010dku i Kineti\u010dku umjetnost?<\/p>\n\n\n\n<p><\/p>\n\n\n\n<p>Uz istra\u017eivanje estetike boja i oblika, ravnote\u017ee i harmonije kroz kori\u0161tenje Zlatnog reza moram spomenuti i Jogu koju prakticiram ve\u0107 du\u017ee vrijeme. Moja djela vas pozivaju da po\u010dnete prakticirati mentalnu Jogu poput Tibetanske mandale s kojom sam se upoznao&nbsp; dok sam studirao u L&#8217;ecole des Beaux Arts. Profinjenost Kineti\u010dke umjetnosti sam upoznao rade\u0107i u studiju Victora Vasarelyja. Igraju\u0107i se pokretom kroz moje slike i serigrafiju zapravo vje\u017ebate mozak&nbsp; i to vje\u017ebama sli\u010dnim meditaciji koja vas poziva na introspekciju.<\/p>\n\n\n\n<figure class=\"wp-block-gallery aligncenter columns-3 is-cropped\"><ul class=\"blocks-gallery-grid\"><li class=\"blocks-gallery-item\"><figure><img loading=\"lazy\" width=\"1000\" height=\"750\" src=\"http:\/\/serdart.eu\/wp-content\/uploads\/2021\/05\/Art-cinetique.jpg\" alt=\"\" data-id=\"35\" data-full-url=\"http:\/\/serdart.eu\/wp-content\/uploads\/2021\/05\/Art-cinetique.jpg\" data-link=\"http:\/\/serdart.eu\/art-cinetique\/\" class=\"wp-image-35\" srcset=\"https:\/\/serdart.eu\/wp-content\/uploads\/2021\/05\/Art-cinetique.jpg 1000w, https:\/\/serdart.eu\/wp-content\/uploads\/2021\/05\/Art-cinetique-300x225.jpg 300w, https:\/\/serdart.eu\/wp-content\/uploads\/2021\/05\/Art-cinetique-768x576.jpg 768w\" sizes=\"(max-width: 1000px) 100vw, 1000px\" \/><\/figure><\/li><li class=\"blocks-gallery-item\"><figure><img loading=\"lazy\" width=\"932\" height=\"1024\" src=\"http:\/\/serdart.eu\/wp-content\/uploads\/2021\/05\/IMG_4086-932x1024.jpg\" alt=\"\" data-id=\"44\" data-full-url=\"http:\/\/serdart.eu\/wp-content\/uploads\/2021\/05\/IMG_4086.jpg\" data-link=\"http:\/\/serdart.eu\/index.php\/page-d-exemple\/img_4086\/\" class=\"wp-image-44\" srcset=\"https:\/\/serdart.eu\/wp-content\/uploads\/2021\/05\/IMG_4086-932x1024.jpg 932w, https:\/\/serdart.eu\/wp-content\/uploads\/2021\/05\/IMG_4086-273x300.jpg 273w, https:\/\/serdart.eu\/wp-content\/uploads\/2021\/05\/IMG_4086-768x844.jpg 768w, https:\/\/serdart.eu\/wp-content\/uploads\/2021\/05\/IMG_4086-1398x1536.jpg 1398w, https:\/\/serdart.eu\/wp-content\/uploads\/2021\/05\/IMG_4086-1864x2048.jpg 1864w\" sizes=\"(max-width: 932px) 100vw, 932px\" \/><\/figure><\/li><li class=\"blocks-gallery-item\"><figure><img loading=\"lazy\" width=\"885\" height=\"1024\" src=\"http:\/\/serdart.eu\/wp-content\/uploads\/2021\/05\/IMG_2966-885x1024.jpg\" alt=\"\" data-id=\"51\" data-full-url=\"http:\/\/serdart.eu\/wp-content\/uploads\/2021\/05\/IMG_2966-scaled.jpg\" data-link=\"http:\/\/serdart.eu\/index.php\/page-d-exemple\/img_2966\/\" class=\"wp-image-51\" srcset=\"https:\/\/serdart.eu\/wp-content\/uploads\/2021\/05\/IMG_2966-885x1024.jpg 885w, https:\/\/serdart.eu\/wp-content\/uploads\/2021\/05\/IMG_2966-259x300.jpg 259w, https:\/\/serdart.eu\/wp-content\/uploads\/2021\/05\/IMG_2966-768x889.jpg 768w, https:\/\/serdart.eu\/wp-content\/uploads\/2021\/05\/IMG_2966-1327x1536.jpg 1327w, https:\/\/serdart.eu\/wp-content\/uploads\/2021\/05\/IMG_2966-1769x2048.jpg 1769w\" sizes=\"(max-width: 885px) 100vw, 885px\" \/><\/figure><\/li><\/ul><\/figure>\n","protected":false},"excerpt":{"rendered":"<p>Opti\u010dka i Kineti\u010dka umjetnost Op art ili Opti\u010dka umjetnost vas poziva da aktivno pogledate sliku i igrate se kineti\u010dkim i &nbsp;opti\u010dkim efektima koje je umjetnik stvorio. Moje slike su stati\u010dne ali ih va\u0161 mozak mo\u017ee staviti u virtualni pokret te im mo\u017ee po \u017eelji promijeniti vizualnu percepciju. Ovo je sve mogu\u0107e jer dizajn i aplicirane [&hellip;]<\/p>\n","protected":false},"author":1,"featured_media":0,"parent":0,"menu_order":0,"comment_status":"closed","ping_status":"closed","template":"","meta":[],"_links":{"self":[{"href":"https:\/\/serdart.eu\/index.php\/wp-json\/wp\/v2\/pages\/72"}],"collection":[{"href":"https:\/\/serdart.eu\/index.php\/wp-json\/wp\/v2\/pages"}],"about":[{"href":"https:\/\/serdart.eu\/index.php\/wp-json\/wp\/v2\/types\/page"}],"author":[{"embeddable":true,"href":"https:\/\/serdart.eu\/index.php\/wp-json\/wp\/v2\/users\/1"}],"replies":[{"embeddable":true,"href":"https:\/\/serdart.eu\/index.php\/wp-json\/wp\/v2\/comments?post=72"}],"version-history":[{"count":6,"href":"https:\/\/serdart.eu\/index.php\/wp-json\/wp\/v2\/pages\/72\/revisions"}],"predecessor-version":[{"id":138,"href":"https:\/\/serdart.eu\/index.php\/wp-json\/wp\/v2\/pages\/72\/revisions\/138"}],"wp:attachment":[{"href":"https:\/\/serdart.eu\/index.php\/wp-json\/wp\/v2\/media?parent=72"}],"curies":[{"name":"wp","href":"https:\/\/api.w.org\/{rel}","templated":true}]}}