{"id":229,"date":"2022-08-10T10:08:42","date_gmt":"2022-08-10T08:08:42","guid":{"rendered":"http:\/\/serdart.eu\/?page_id=229"},"modified":"2023-03-15T19:50:29","modified_gmt":"2023-03-15T18:50:29","slug":"gallery","status":"publish","type":"page","link":"https:\/\/serdart.eu\/index.php\/gallery\/","title":{"rendered":"GALLERY"},"content":{"rendered":"\n<script type=\"text\/javascript\">\r\ndocument.addEventListener(\"DOMContentLoaded\", function(event) { \r\n\tjQuery( '#slider-pro-3-213' ).sliderPro({\r\n\t\t\/\/width\r\n\t\t\t\twidth: 1000,\r\n\t\t\t\t\r\n\t\t\/\/height\r\n\t\t\t\theight: 500,\r\n\t\t\t\t\r\n\t\t\/\/auto play\r\n\t\t\t\t\t\tautoplay: true,\r\n\t\tautoplayOnHover: 'pause',\r\n\t\t\t\t\t\tautoplayDelay: 5000,\r\n\t\t\r\n\t\t\r\n\t\tarrows: true,\r\n\t\tbuttons: true,\r\n\t\tsmallSize: 500,\r\n\t\tmediumSize: 1000,\r\n\t\tlargeSize: 3000,\r\n\t\tfade: false,\r\n\t\t\r\n\t\t\/\/thumbnail\r\n\t\tthumbnailArrows: true,\r\n\t\tthumbnailWidth: 120,\r\n\t\tthumbnailHeight: 120,\r\n\t\t\t\t\t\tthumbnailsPosition: 'bottom',\r\n\t\t\t\t\t\tcenterImage: true,\r\n\t\timageScaleMode: 'contain',\r\n\t\tallowScaleUp: true,\r\n\t\t\t\tstartSlide: 0,\r\n\t\tloop: true,\r\n\t\tslideDistance: 5,\r\n\t\tautoplayDirection: 'normal',\r\n\t\ttouchSwipe: true,\r\n\t\tfullScreen: true,\r\n\t});\r\n});\r\n<\/script>\r\n<style>\r\n\/* Layout 3 *\/\r\n\/* border *\/\r\n#slider-pro-3-213 .sp-selected-thumbnail {\r\n\tborder: 4px solid #000000;\r\n}\r\n\r\n\/* font + color *\/\r\n.title-in  {\r\n\tfont-family: Arial !important;\r\n\tcolor: #939393 !important;\r\n\tbackground-color: #ffffff !important;\r\n\topacity: 0.7 !important;\r\n}\r\n.desc-in  {\r\n\tfont-family: Arial !important;\r\n\tcolor: #FFFFFF !important;\r\n\tbackground-color: #00000 !important;\r\n\topacity: 0.7 !important;\r\n}\r\n\r\n\/* bullets color *\/\r\n.sp-button  {\r\n\tborder: 2px solid #000000 !important;\r\n}\r\n.sp-selected-button  {\r\n\tbackground-color: #000000 !important;\r\n}\r\n\r\n\/* pointer color - bottom *\/\r\n.sp-selected-thumbnail::before {\r\n\tborder-bottom: 5px solid #000000 !important;\r\n}\r\n.sp-selected-thumbnail::after {\r\n\tborder-bottom: 13px solid #000000 !important;\r\n}\r\n\r\n\/* pointer color - top *\/\r\n\r\n\/* full screen icon *\/\r\n.sp-full-screen-button::before {\r\n    color: #cccccc !important;\r\n}\r\n\r\n\/* hover navigation icon color *\/\r\n.sp-next-arrow::after, .sp-next-arrow::before {\r\n\tbackground-color: #cccccc !important;\r\n}\r\n.sp-previous-arrow::after, .sp-previous-arrow::before {\r\n\tbackground-color: #cccccc !important;\r\n}\r\n\r\n#slider-pro-3-213 .title-in {\r\n\tcolor: #939393 !important;\r\n\tfont-weight: bolder;\r\n\ttext-align: center;\r\n}\r\n\r\n#slider-pro-3-213 .title-in-bg {\r\n\tbackground: rgba(255, 255, 255, 0.7); !important;\r\n\twhite-space: unset !important;\r\n\tmax-width: 90%;\r\n\tmin-width: 40%;\r\n\ttransform: initial !important;\r\n\t-webkit-transform: initial !important;\r\n\tfont-size: 14px !important;\r\n}\r\n\r\n#slider-pro-3-213 .desc-in {\r\n\tcolor: #FFFFFF !important;\r\n\ttext-align: center;\r\n}\r\n#slider-pro-3-213 .desc-in-bg {\r\n\tbackground: rgba(#00000, 0.7) !important;\r\n\twhite-space: unset !important;\r\n\twidth: 80% !important;\r\n\tmin-width: 30%;\r\n\ttransform: initial !important;\r\n\t-webkit-transform: initial !important;\r\n\tfont-size: 13px !important;\r\n}\r\n\r\n@media (max-width: 640px) {\r\n\t#slider-pro-3-213 .hide-small-screen {\r\n\t\tdisplay: none;\r\n\t}\r\n}\r\n\r\n@media (max-width: 860px) {\r\n\t#slider-pro-3-213 .sp-layer {\r\n\t\tfont-size: 18px;\r\n\t}\r\n\t\r\n\t#slider-pro-3-213 .hide-medium-screen {\r\n\t\tdisplay: none;\r\n\t}\r\n}\r\n.slides-not-found {\r\n\tbackground-color: #a92929;\r\n\tborder-radius: 5px;\r\n\tcolor: #fff;\r\n\tfont-family: initial;\r\n\ttext-align: center;\r\n\tpadding:12px;\r\n}\r\n\/* Custom CSS *\/\r\n<\/style>\r\n<h3 class=\"uris-slider-post-title\">S\u00e9rigraphies artistiques &#8211; Silkscreen prints &#8211; Ru\u010dni Sitotisak<\/h3>\r\n\t\t<div id=\"slider-pro-3-213\" class=\"slider-pro\">\r\n\t\t\t<!---- slides div start ---->\r\n\t\t\t<div class=\"sp-slides\">\r\n\t\t\t\t\t\t\t\t\t\t<div class=\"sp-slide\">\r\n\t\t\t\t\t\t\t<img class=\"sp-image\" loading=\"lazy\" alt=\"S\u00e9rigraphies artistiques &#8211; Silkscreen prints &#8211; Ru\u010dni Sitotisak\" src=\"https:\/\/serdart.eu\/wp-content\/plugins\/ultimate-responsive-image-slider\/assets\/css\/images\/blank.gif\" data-src=\"https:\/\/serdart.eu\/wp-content\/uploads\/2022\/08\/Stand-scaled.jpg\" \/>\r\n\r\n\t\t\t\t\t\t\t\r\n\t\t\t\t\t\t\t\t\t\t\t\t\t<\/div>\r\n\t\t\t\t\t\t\t\t\t\t\t\t<div class=\"sp-slide\">\r\n\t\t\t\t\t\t\t<img class=\"sp-image\" loading=\"lazy\" alt=\"IMG_6012\" src=\"https:\/\/serdart.eu\/wp-content\/plugins\/ultimate-responsive-image-slider\/assets\/css\/images\/blank.gif\" data-src=\"https:\/\/serdart.eu\/wp-content\/uploads\/2021\/07\/IMG_6012-scaled.jpg\" \/>\r\n\r\n\t\t\t\t\t\t\t\r\n\t\t\t\t\t\t\t\t\t\t\t\t\t<\/div>\r\n\t\t\t\t\t\t\t\t\t\t\t\t<div class=\"sp-slide\">\r\n\t\t\t\t\t\t\t<img class=\"sp-image\" loading=\"lazy\" alt=\"S\u00e9rigraphies artistiques &#8211; Silkscreen prints &#8211; Ru\u010dni Sitotisak\" src=\"https:\/\/serdart.eu\/wp-content\/plugins\/ultimate-responsive-image-slider\/assets\/css\/images\/blank.gif\" data-src=\"https:\/\/serdart.eu\/wp-content\/uploads\/2022\/08\/IMG_3473-scaled.jpg\" \/>\r\n\r\n\t\t\t\t\t\t\t\r\n\t\t\t\t\t\t\t\t\t\t\t\t\t<\/div>\r\n\t\t\t\t\t\t\t\t\t\t\t\t<div class=\"sp-slide\">\r\n\t\t\t\t\t\t\t<img class=\"sp-image\" loading=\"lazy\" alt=\"IMG_3472\" src=\"https:\/\/serdart.eu\/wp-content\/plugins\/ultimate-responsive-image-slider\/assets\/css\/images\/blank.gif\" data-src=\"https:\/\/serdart.eu\/wp-content\/uploads\/2022\/08\/IMG_3472-scaled.jpg\" \/>\r\n\r\n\t\t\t\t\t\t\t\r\n\t\t\t\t\t\t\t\t\t\t\t\t\t<\/div>\r\n\t\t\t\t\t\t\t\t\t\t\t\t<div class=\"sp-slide\">\r\n\t\t\t\t\t\t\t<img class=\"sp-image\" loading=\"lazy\" alt=\"IMG_3478\" src=\"https:\/\/serdart.eu\/wp-content\/plugins\/ultimate-responsive-image-slider\/assets\/css\/images\/blank.gif\" data-src=\"https:\/\/serdart.eu\/wp-content\/uploads\/2022\/08\/IMG_3478-scaled.jpg\" \/>\r\n\r\n\t\t\t\t\t\t\t\r\n\t\t\t\t\t\t\t\t\t\t\t\t\t<\/div>\r\n\t\t\t\t\t\t\t\t\t\t\t\t<div class=\"sp-slide\">\r\n\t\t\t\t\t\t\t<img class=\"sp-image\" loading=\"lazy\" alt=\"IMG_3480\" src=\"https:\/\/serdart.eu\/wp-content\/plugins\/ultimate-responsive-image-slider\/assets\/css\/images\/blank.gif\" data-src=\"https:\/\/serdart.eu\/wp-content\/uploads\/2022\/08\/IMG_3480-scaled.jpg\" \/>\r\n\r\n\t\t\t\t\t\t\t\r\n\t\t\t\t\t\t\t\t\t\t\t\t\t<\/div>\r\n\t\t\t\t\t\t\t\t\t\t\t\t<div class=\"sp-slide\">\r\n\t\t\t\t\t\t\t<img class=\"sp-image\" loading=\"lazy\" alt=\"IMG_3481\" src=\"https:\/\/serdart.eu\/wp-content\/plugins\/ultimate-responsive-image-slider\/assets\/css\/images\/blank.gif\" data-src=\"https:\/\/serdart.eu\/wp-content\/uploads\/2022\/08\/IMG_3481-scaled.jpg\" \/>\r\n\r\n\t\t\t\t\t\t\t\r\n\t\t\t\t\t\t\t\t\t\t\t\t\t<\/div>\r\n\t\t\t\t\t\t\t\t\t\t\t\t<div class=\"sp-slide\">\r\n\t\t\t\t\t\t\t<img class=\"sp-image\" loading=\"lazy\" alt=\"IMG_3482\" src=\"https:\/\/serdart.eu\/wp-content\/plugins\/ultimate-responsive-image-slider\/assets\/css\/images\/blank.gif\" data-src=\"https:\/\/serdart.eu\/wp-content\/uploads\/2022\/08\/IMG_3482-scaled.jpg\" \/>\r\n\r\n\t\t\t\t\t\t\t\r\n\t\t\t\t\t\t\t\t\t\t\t\t\t<\/div>\r\n\t\t\t\t\t\t\t\t\t\t\t\t<div class=\"sp-slide\">\r\n\t\t\t\t\t\t\t<img class=\"sp-image\" loading=\"lazy\" alt=\"IMG_3483\" src=\"https:\/\/serdart.eu\/wp-content\/plugins\/ultimate-responsive-image-slider\/assets\/css\/images\/blank.gif\" data-src=\"https:\/\/serdart.eu\/wp-content\/uploads\/2022\/08\/IMG_3483-scaled.jpg\" \/>\r\n\r\n\t\t\t\t\t\t\t\r\n\t\t\t\t\t\t\t\t\t\t\t\t\t<\/div>\r\n\t\t\t\t\t\t\t\t\t\t\t\t<div class=\"sp-slide\">\r\n\t\t\t\t\t\t\t<img class=\"sp-image\" loading=\"lazy\" alt=\"IMG_3484 (1)\" src=\"https:\/\/serdart.eu\/wp-content\/plugins\/ultimate-responsive-image-slider\/assets\/css\/images\/blank.gif\" data-src=\"https:\/\/serdart.eu\/wp-content\/uploads\/2022\/08\/IMG_3484-1-scaled.jpg\" \/>\r\n\r\n\t\t\t\t\t\t\t\r\n\t\t\t\t\t\t\t\t\t\t\t\t\t<\/div>\r\n\t\t\t\t\t\t\t\t\t\t\t\t<div class=\"sp-slide\">\r\n\t\t\t\t\t\t\t<img class=\"sp-image\" loading=\"lazy\" alt=\"IMG_3485 (1)\" src=\"https:\/\/serdart.eu\/wp-content\/plugins\/ultimate-responsive-image-slider\/assets\/css\/images\/blank.gif\" data-src=\"https:\/\/serdart.eu\/wp-content\/uploads\/2022\/08\/IMG_3485-1-scaled.jpg\" \/>\r\n\r\n\t\t\t\t\t\t\t\r\n\t\t\t\t\t\t\t\t\t\t\t\t\t<\/div>\r\n\t\t\t\t\t\t\t\t\t\t\t\t<div class=\"sp-slide\">\r\n\t\t\t\t\t\t\t<img class=\"sp-image\" loading=\"lazy\" alt=\"IMG_3486\" src=\"https:\/\/serdart.eu\/wp-content\/plugins\/ultimate-responsive-image-slider\/assets\/css\/images\/blank.gif\" data-src=\"https:\/\/serdart.eu\/wp-content\/uploads\/2022\/08\/IMG_3486-scaled.jpg\" \/>\r\n\r\n\t\t\t\t\t\t\t\r\n\t\t\t\t\t\t\t\t\t\t\t\t\t<\/div>\r\n\t\t\t\t\t\t\t\t\t\t\t\t<div class=\"sp-slide\">\r\n\t\t\t\t\t\t\t<img class=\"sp-image\" loading=\"lazy\" alt=\"IMG_3487\" src=\"https:\/\/serdart.eu\/wp-content\/plugins\/ultimate-responsive-image-slider\/assets\/css\/images\/blank.gif\" data-src=\"https:\/\/serdart.eu\/wp-content\/uploads\/2022\/08\/IMG_3487-scaled.jpg\" \/>\r\n\r\n\t\t\t\t\t\t\t\r\n\t\t\t\t\t\t\t\t\t\t\t\t\t<\/div>\r\n\t\t\t\t\t\t\t\t\t\t\t\t<div class=\"sp-slide\">\r\n\t\t\t\t\t\t\t<img class=\"sp-image\" loading=\"lazy\" alt=\"IMG_3495\" src=\"https:\/\/serdart.eu\/wp-content\/plugins\/ultimate-responsive-image-slider\/assets\/css\/images\/blank.gif\" data-src=\"https:\/\/serdart.eu\/wp-content\/uploads\/2022\/08\/IMG_3495-scaled.jpg\" \/>\r\n\r\n\t\t\t\t\t\t\t\r\n\t\t\t\t\t\t\t\t\t\t\t\t\t<\/div>\r\n\t\t\t\t\t\t\t\t\t\t\t\t<div class=\"sp-slide\">\r\n\t\t\t\t\t\t\t<img class=\"sp-image\" loading=\"lazy\" alt=\"IMG_3497\" src=\"https:\/\/serdart.eu\/wp-content\/plugins\/ultimate-responsive-image-slider\/assets\/css\/images\/blank.gif\" data-src=\"https:\/\/serdart.eu\/wp-content\/uploads\/2022\/08\/IMG_3497-scaled.jpg\" \/>\r\n\r\n\t\t\t\t\t\t\t\r\n\t\t\t\t\t\t\t\t\t\t\t\t\t<\/div>\r\n\t\t\t\t\t\t\t\t\t\t\t\t<div class=\"sp-slide\">\r\n\t\t\t\t\t\t\t<img class=\"sp-image\" loading=\"lazy\" alt=\"IMG_3500\" src=\"https:\/\/serdart.eu\/wp-content\/plugins\/ultimate-responsive-image-slider\/assets\/css\/images\/blank.gif\" data-src=\"https:\/\/serdart.eu\/wp-content\/uploads\/2022\/08\/IMG_3500-scaled.jpg\" \/>\r\n\r\n\t\t\t\t\t\t\t\r\n\t\t\t\t\t\t\t\t\t\t\t\t\t<\/div>\r\n\t\t\t\t\t\t\t\t\t\t\t\t<div class=\"sp-slide\">\r\n\t\t\t\t\t\t\t<img class=\"sp-image\" loading=\"lazy\" alt=\"IMG_3501\" src=\"https:\/\/serdart.eu\/wp-content\/plugins\/ultimate-responsive-image-slider\/assets\/css\/images\/blank.gif\" data-src=\"https:\/\/serdart.eu\/wp-content\/uploads\/2022\/08\/IMG_3501-scaled.jpg\" \/>\r\n\r\n\t\t\t\t\t\t\t\r\n\t\t\t\t\t\t\t\t\t\t\t\t\t<\/div>\r\n\t\t\t\t\t\t\t\t\t\t\t\t<div class=\"sp-slide\">\r\n\t\t\t\t\t\t\t<img class=\"sp-image\" loading=\"lazy\" alt=\"IMG_3505\" src=\"https:\/\/serdart.eu\/wp-content\/plugins\/ultimate-responsive-image-slider\/assets\/css\/images\/blank.gif\" data-src=\"https:\/\/serdart.eu\/wp-content\/uploads\/2022\/08\/IMG_3505-scaled.jpg\" \/>\r\n\r\n\t\t\t\t\t\t\t\r\n\t\t\t\t\t\t\t\t\t\t\t\t\t<\/div>\r\n\t\t\t\t\t\t\t\t\t\t\t\t<div class=\"sp-slide\">\r\n\t\t\t\t\t\t\t<img class=\"sp-image\" loading=\"lazy\" alt=\"IMG_3503\" src=\"https:\/\/serdart.eu\/wp-content\/plugins\/ultimate-responsive-image-slider\/assets\/css\/images\/blank.gif\" data-src=\"https:\/\/serdart.eu\/wp-content\/uploads\/2022\/08\/IMG_3503-scaled.jpg\" \/>\r\n\r\n\t\t\t\t\t\t\t\r\n\t\t\t\t\t\t\t\t\t\t\t\t\t<\/div>\r\n\t\t\t\t\t\t\t\t\t\t\t\t<div class=\"sp-slide\">\r\n\t\t\t\t\t\t\t<img class=\"sp-image\" loading=\"lazy\" alt=\"IMG_3504\" src=\"https:\/\/serdart.eu\/wp-content\/plugins\/ultimate-responsive-image-slider\/assets\/css\/images\/blank.gif\" data-src=\"https:\/\/serdart.eu\/wp-content\/uploads\/2022\/08\/IMG_3504-scaled.jpg\" \/>\r\n\r\n\t\t\t\t\t\t\t\r\n\t\t\t\t\t\t\t\t\t\t\t\t\t<\/div>\r\n\t\t\t\t\t\t\t\t\t\t\t\t<div class=\"sp-slide\">\r\n\t\t\t\t\t\t\t<img class=\"sp-image\" loading=\"lazy\" alt=\"IMG_3502\" src=\"https:\/\/serdart.eu\/wp-content\/plugins\/ultimate-responsive-image-slider\/assets\/css\/images\/blank.gif\" data-src=\"https:\/\/serdart.eu\/wp-content\/uploads\/2022\/08\/IMG_3502-scaled.jpg\" \/>\r\n\r\n\t\t\t\t\t\t\t\r\n\t\t\t\t\t\t\t\t\t\t\t\t\t<\/div>\r\n\t\t\t\t\t\t\t\t\t\t\t\t<div class=\"sp-slide\">\r\n\t\t\t\t\t\t\t<img class=\"sp-image\" loading=\"lazy\" alt=\"IMG_E3494\" src=\"https:\/\/serdart.eu\/wp-content\/plugins\/ultimate-responsive-image-slider\/assets\/css\/images\/blank.gif\" data-src=\"https:\/\/serdart.eu\/wp-content\/uploads\/2022\/08\/IMG_E3494-scaled.jpg\" \/>\r\n\r\n\t\t\t\t\t\t\t\r\n\t\t\t\t\t\t\t\t\t\t\t\t\t<\/div>\r\n\t\t\t\t\t\t\t\t\t\t\t\t<div class=\"sp-slide\">\r\n\t\t\t\t\t\t\t<img class=\"sp-image\" loading=\"lazy\" alt=\"IMG_3506\" src=\"https:\/\/serdart.eu\/wp-content\/plugins\/ultimate-responsive-image-slider\/assets\/css\/images\/blank.gif\" data-src=\"https:\/\/serdart.eu\/wp-content\/uploads\/2022\/08\/IMG_3506-scaled.jpg\" \/>\r\n\r\n\t\t\t\t\t\t\t\r\n\t\t\t\t\t\t\t\t\t\t\t\t\t<\/div>\r\n\t\t\t\t\t\t\t\t\t\t\t\t<div class=\"sp-slide\">\r\n\t\t\t\t\t\t\t<img class=\"sp-image\" loading=\"lazy\" alt=\"IMG_3492\" src=\"https:\/\/serdart.eu\/wp-content\/plugins\/ultimate-responsive-image-slider\/assets\/css\/images\/blank.gif\" data-src=\"https:\/\/serdart.eu\/wp-content\/uploads\/2022\/08\/IMG_3492-scaled.jpg\" \/>\r\n\r\n\t\t\t\t\t\t\t\r\n\t\t\t\t\t\t\t\t\t\t\t\t\t<\/div>\r\n\t\t\t\t\t\t\t\t\t\t\t\t<div class=\"sp-slide\">\r\n\t\t\t\t\t\t\t<img class=\"sp-image\" loading=\"lazy\" alt=\"IMG_3496\" src=\"https:\/\/serdart.eu\/wp-content\/plugins\/ultimate-responsive-image-slider\/assets\/css\/images\/blank.gif\" data-src=\"https:\/\/serdart.eu\/wp-content\/uploads\/2022\/08\/IMG_3496-scaled.jpg\" \/>\r\n\r\n\t\t\t\t\t\t\t\r\n\t\t\t\t\t\t\t\t\t\t\t\t\t<\/div>\r\n\t\t\t\t\t\t\t\t\t<\/div>\r\n\t\t\t\r\n\t\t\t<!---- slides div end ---->\r\n\t\t\t\t\t\t<!-- slides thumbnails div start -->\r\n\t\t\t<div class=\"sp-thumbnails\">\r\n\t\t\t\t\t\t\t\t\t\t<img class=\"sp-thumbnail\" loading=\"lazy\" src=\"https:\/\/serdart.eu\/wp-content\/plugins\/ultimate-responsive-image-slider\/assets\/img\/loading.gif\" data-src=\"https:\/\/serdart.eu\/wp-content\/uploads\/2022\/08\/Stand-300x225.jpg\" alt=\"S\u00e9rigraphies artistiques &#8211; Silkscreen prints &#8211; Ru\u010dni Sitotisak\"\/>\r\n\t\t\t\t\t\t\t\t\t\t\t<img class=\"sp-thumbnail\" loading=\"lazy\" src=\"https:\/\/serdart.eu\/wp-content\/plugins\/ultimate-responsive-image-slider\/assets\/img\/loading.gif\" data-src=\"https:\/\/serdart.eu\/wp-content\/uploads\/2021\/07\/IMG_6012-225x300.jpg\" alt=\"IMG_6012\"\/>\r\n\t\t\t\t\t\t\t\t\t\t\t<img class=\"sp-thumbnail\" loading=\"lazy\" src=\"https:\/\/serdart.eu\/wp-content\/plugins\/ultimate-responsive-image-slider\/assets\/img\/loading.gif\" data-src=\"https:\/\/serdart.eu\/wp-content\/uploads\/2022\/08\/IMG_3473-300x228.jpg\" alt=\"S\u00e9rigraphies artistiques &#8211; Silkscreen prints &#8211; Ru\u010dni Sitotisak\"\/>\r\n\t\t\t\t\t\t\t\t\t\t\t<img class=\"sp-thumbnail\" loading=\"lazy\" src=\"https:\/\/serdart.eu\/wp-content\/plugins\/ultimate-responsive-image-slider\/assets\/img\/loading.gif\" data-src=\"https:\/\/serdart.eu\/wp-content\/uploads\/2022\/08\/IMG_3472-300x225.jpg\" alt=\"IMG_3472\"\/>\r\n\t\t\t\t\t\t\t\t\t\t\t<img class=\"sp-thumbnail\" loading=\"lazy\" src=\"https:\/\/serdart.eu\/wp-content\/plugins\/ultimate-responsive-image-slider\/assets\/img\/loading.gif\" data-src=\"https:\/\/serdart.eu\/wp-content\/uploads\/2022\/08\/IMG_3478-300x225.jpg\" alt=\"IMG_3478\"\/>\r\n\t\t\t\t\t\t\t\t\t\t\t<img class=\"sp-thumbnail\" loading=\"lazy\" src=\"https:\/\/serdart.eu\/wp-content\/plugins\/ultimate-responsive-image-slider\/assets\/img\/loading.gif\" data-src=\"https:\/\/serdart.eu\/wp-content\/uploads\/2022\/08\/IMG_3480-300x225.jpg\" alt=\"IMG_3480\"\/>\r\n\t\t\t\t\t\t\t\t\t\t\t<img class=\"sp-thumbnail\" loading=\"lazy\" src=\"https:\/\/serdart.eu\/wp-content\/plugins\/ultimate-responsive-image-slider\/assets\/img\/loading.gif\" data-src=\"https:\/\/serdart.eu\/wp-content\/uploads\/2022\/08\/IMG_3481-300x225.jpg\" alt=\"IMG_3481\"\/>\r\n\t\t\t\t\t\t\t\t\t\t\t<img class=\"sp-thumbnail\" loading=\"lazy\" src=\"https:\/\/serdart.eu\/wp-content\/plugins\/ultimate-responsive-image-slider\/assets\/img\/loading.gif\" data-src=\"https:\/\/serdart.eu\/wp-content\/uploads\/2022\/08\/IMG_3482-300x225.jpg\" alt=\"IMG_3482\"\/>\r\n\t\t\t\t\t\t\t\t\t\t\t<img class=\"sp-thumbnail\" loading=\"lazy\" src=\"https:\/\/serdart.eu\/wp-content\/plugins\/ultimate-responsive-image-slider\/assets\/img\/loading.gif\" data-src=\"https:\/\/serdart.eu\/wp-content\/uploads\/2022\/08\/IMG_3483-300x225.jpg\" alt=\"IMG_3483\"\/>\r\n\t\t\t\t\t\t\t\t\t\t\t<img class=\"sp-thumbnail\" loading=\"lazy\" src=\"https:\/\/serdart.eu\/wp-content\/plugins\/ultimate-responsive-image-slider\/assets\/img\/loading.gif\" data-src=\"https:\/\/serdart.eu\/wp-content\/uploads\/2022\/08\/IMG_3484-1-300x225.jpg\" alt=\"IMG_3484 (1)\"\/>\r\n\t\t\t\t\t\t\t\t\t\t\t<img class=\"sp-thumbnail\" loading=\"lazy\" src=\"https:\/\/serdart.eu\/wp-content\/plugins\/ultimate-responsive-image-slider\/assets\/img\/loading.gif\" data-src=\"https:\/\/serdart.eu\/wp-content\/uploads\/2022\/08\/IMG_3485-1-300x225.jpg\" alt=\"IMG_3485 (1)\"\/>\r\n\t\t\t\t\t\t\t\t\t\t\t<img class=\"sp-thumbnail\" loading=\"lazy\" src=\"https:\/\/serdart.eu\/wp-content\/plugins\/ultimate-responsive-image-slider\/assets\/img\/loading.gif\" data-src=\"https:\/\/serdart.eu\/wp-content\/uploads\/2022\/08\/IMG_3486-300x225.jpg\" alt=\"IMG_3486\"\/>\r\n\t\t\t\t\t\t\t\t\t\t\t<img class=\"sp-thumbnail\" loading=\"lazy\" src=\"https:\/\/serdart.eu\/wp-content\/plugins\/ultimate-responsive-image-slider\/assets\/img\/loading.gif\" data-src=\"https:\/\/serdart.eu\/wp-content\/uploads\/2022\/08\/IMG_3487-300x225.jpg\" alt=\"IMG_3487\"\/>\r\n\t\t\t\t\t\t\t\t\t\t\t<img class=\"sp-thumbnail\" loading=\"lazy\" src=\"https:\/\/serdart.eu\/wp-content\/plugins\/ultimate-responsive-image-slider\/assets\/img\/loading.gif\" data-src=\"https:\/\/serdart.eu\/wp-content\/uploads\/2022\/08\/IMG_3495-300x225.jpg\" alt=\"IMG_3495\"\/>\r\n\t\t\t\t\t\t\t\t\t\t\t<img class=\"sp-thumbnail\" loading=\"lazy\" src=\"https:\/\/serdart.eu\/wp-content\/plugins\/ultimate-responsive-image-slider\/assets\/img\/loading.gif\" data-src=\"https:\/\/serdart.eu\/wp-content\/uploads\/2022\/08\/IMG_3497-300x225.jpg\" alt=\"IMG_3497\"\/>\r\n\t\t\t\t\t\t\t\t\t\t\t<img class=\"sp-thumbnail\" loading=\"lazy\" src=\"https:\/\/serdart.eu\/wp-content\/plugins\/ultimate-responsive-image-slider\/assets\/img\/loading.gif\" data-src=\"https:\/\/serdart.eu\/wp-content\/uploads\/2022\/08\/IMG_3500-300x225.jpg\" alt=\"IMG_3500\"\/>\r\n\t\t\t\t\t\t\t\t\t\t\t<img class=\"sp-thumbnail\" loading=\"lazy\" src=\"https:\/\/serdart.eu\/wp-content\/plugins\/ultimate-responsive-image-slider\/assets\/img\/loading.gif\" data-src=\"https:\/\/serdart.eu\/wp-content\/uploads\/2022\/08\/IMG_3501-300x225.jpg\" alt=\"IMG_3501\"\/>\r\n\t\t\t\t\t\t\t\t\t\t\t<img class=\"sp-thumbnail\" loading=\"lazy\" src=\"https:\/\/serdart.eu\/wp-content\/plugins\/ultimate-responsive-image-slider\/assets\/img\/loading.gif\" data-src=\"https:\/\/serdart.eu\/wp-content\/uploads\/2022\/08\/IMG_3505-300x225.jpg\" alt=\"IMG_3505\"\/>\r\n\t\t\t\t\t\t\t\t\t\t\t<img class=\"sp-thumbnail\" loading=\"lazy\" src=\"https:\/\/serdart.eu\/wp-content\/plugins\/ultimate-responsive-image-slider\/assets\/img\/loading.gif\" data-src=\"https:\/\/serdart.eu\/wp-content\/uploads\/2022\/08\/IMG_3503-300x225.jpg\" alt=\"IMG_3503\"\/>\r\n\t\t\t\t\t\t\t\t\t\t\t<img class=\"sp-thumbnail\" loading=\"lazy\" src=\"https:\/\/serdart.eu\/wp-content\/plugins\/ultimate-responsive-image-slider\/assets\/img\/loading.gif\" data-src=\"https:\/\/serdart.eu\/wp-content\/uploads\/2022\/08\/IMG_3504-300x225.jpg\" alt=\"IMG_3504\"\/>\r\n\t\t\t\t\t\t\t\t\t\t\t<img class=\"sp-thumbnail\" loading=\"lazy\" src=\"https:\/\/serdart.eu\/wp-content\/plugins\/ultimate-responsive-image-slider\/assets\/img\/loading.gif\" data-src=\"https:\/\/serdart.eu\/wp-content\/uploads\/2022\/08\/IMG_3502-300x225.jpg\" alt=\"IMG_3502\"\/>\r\n\t\t\t\t\t\t\t\t\t\t\t<img class=\"sp-thumbnail\" loading=\"lazy\" src=\"https:\/\/serdart.eu\/wp-content\/plugins\/ultimate-responsive-image-slider\/assets\/img\/loading.gif\" data-src=\"https:\/\/serdart.eu\/wp-content\/uploads\/2022\/08\/IMG_E3494-225x300.jpg\" alt=\"IMG_E3494\"\/>\r\n\t\t\t\t\t\t\t\t\t\t\t<img class=\"sp-thumbnail\" loading=\"lazy\" src=\"https:\/\/serdart.eu\/wp-content\/plugins\/ultimate-responsive-image-slider\/assets\/img\/loading.gif\" data-src=\"https:\/\/serdart.eu\/wp-content\/uploads\/2022\/08\/IMG_3506-225x300.jpg\" alt=\"IMG_3506\"\/>\r\n\t\t\t\t\t\t\t\t\t\t\t<img class=\"sp-thumbnail\" loading=\"lazy\" src=\"https:\/\/serdart.eu\/wp-content\/plugins\/ultimate-responsive-image-slider\/assets\/img\/loading.gif\" data-src=\"https:\/\/serdart.eu\/wp-content\/uploads\/2022\/08\/IMG_3492-225x300.jpg\" alt=\"IMG_3492\"\/>\r\n\t\t\t\t\t\t\t\t\t\t\t<img class=\"sp-thumbnail\" loading=\"lazy\" src=\"https:\/\/serdart.eu\/wp-content\/plugins\/ultimate-responsive-image-slider\/assets\/img\/loading.gif\" data-src=\"https:\/\/serdart.eu\/wp-content\/uploads\/2022\/08\/IMG_3496-225x300.jpg\" alt=\"IMG_3496\"\/>\r\n\t\t\t\t\t\t\t\t<\/div>\r\n\t\t\t\t\t\t<!-- slides thumbnails div end -->\r\n\t\t<\/div>\r\n\n\n\n\n<p class=\"has-text-align-center\">S\u00e9rigraphies originales tir\u00e9es \u00e0 la main en nombre limit\u00e9 et sign\u00e9es par l&#8217;artiste. Format 50X65 cm. 80\u20ac + 20\u20ac pour frais d&#8217;envoi.<\/p>\n\n\n\n<p class=\"has-text-align-center\">Original hand-pulled silkscreen prints &#8211; limited editions signed by the artist. Format 50X65 cm. 80\u20ac + 20\u20ac for shipping.<\/p>\n","protected":false},"excerpt":{"rendered":"<p>S\u00e9rigraphies originales tir\u00e9es \u00e0 la main en nombre limit\u00e9 et sign\u00e9es par l&#8217;artiste. Format 50X65 cm. 80\u20ac + 20\u20ac pour frais d&#8217;envoi. Original hand-pulled silkscreen prints &#8211; limited editions signed by the artist. Format 50X65 cm. 80\u20ac + 20\u20ac for shipping.<\/p>\n","protected":false},"author":1,"featured_media":0,"parent":0,"menu_order":0,"comment_status":"closed","ping_status":"closed","template":"","meta":[],"_links":{"self":[{"href":"https:\/\/serdart.eu\/index.php\/wp-json\/wp\/v2\/pages\/229"}],"collection":[{"href":"https:\/\/serdart.eu\/index.php\/wp-json\/wp\/v2\/pages"}],"about":[{"href":"https:\/\/serdart.eu\/index.php\/wp-json\/wp\/v2\/types\/page"}],"author":[{"embeddable":true,"href":"https:\/\/serdart.eu\/index.php\/wp-json\/wp\/v2\/users\/1"}],"replies":[{"embeddable":true,"href":"https:\/\/serdart.eu\/index.php\/wp-json\/wp\/v2\/comments?post=229"}],"version-history":[{"count":15,"href":"https:\/\/serdart.eu\/index.php\/wp-json\/wp\/v2\/pages\/229\/revisions"}],"predecessor-version":[{"id":288,"href":"https:\/\/serdart.eu\/index.php\/wp-json\/wp\/v2\/pages\/229\/revisions\/288"}],"wp:attachment":[{"href":"https:\/\/serdart.eu\/index.php\/wp-json\/wp\/v2\/media?parent=229"}],"curies":[{"name":"wp","href":"https:\/\/api.w.org\/{rel}","templated":true}]}}