{"id":2,"date":"2021-05-14T15:09:28","date_gmt":"2021-05-14T13:09:28","guid":{"rendered":"http:\/\/serdart.eu\/?page_id=2"},"modified":"2025-08-20T17:03:28","modified_gmt":"2025-08-20T15:03:28","slug":"page-d-exemple","status":"publish","type":"page","link":"https:\/\/serdart.eu\/","title":{"rendered":"ATELIER DE S\u00c9RIGRAPHIE"},"content":{"rendered":"\n<p class=\"has-text-align-center has-text-color\" style=\"color:#66243e\"><strong>L&#8217;atelier de s\u00e9rigraphie artisanale \u00e0 Kor\u010dula<\/strong><\/p>\n\n\n\n<p class=\"has-text-align-center has-text-color\" style=\"color:#66243e\"><strong>Dobrodo\u0161li !       Welcome to my atelier gallery in Kor\u010dula, Croatia !<\/strong><\/p>\n\n\n\n<p class=\"has-text-align-center has-text-color\" style=\"color:#66243e\"><strong> Bienvenue sur la page de mon atelier \u00e0 Kor\u010dula en Croatie !<\/strong><\/p>\n\n\n\n<div class=\"wp-block-image is-style-default\"><figure class=\"aligncenter size-large is-resized\"><img loading=\"lazy\" src=\"http:\/\/serdart.eu\/wp-content\/uploads\/2021\/05\/Atelier-Serdart.png\" alt=\"\" class=\"wp-image-46\" width=\"643\" height=\"449\" srcset=\"https:\/\/serdart.eu\/wp-content\/uploads\/2021\/05\/Atelier-Serdart.png 772w, https:\/\/serdart.eu\/wp-content\/uploads\/2021\/05\/Atelier-Serdart-300x209.png 300w, https:\/\/serdart.eu\/wp-content\/uploads\/2021\/05\/Atelier-Serdart-768x536.png 768w\" sizes=\"(max-width: 643px) 100vw, 643px\" \/><\/figure><\/div>\n\n\n\n<div class=\"wp-block-group alignwide\"><div class=\"wp-block-group__inner-container\">\n<p class=\"has-text-align-center\"><strong>Alelier-Galerie<\/strong> <strong>Nikolas Serdar<\/strong><br>Ulica Plokata 22 &#8211; Kor\u010dula 20260 &#8211; Croatia &#8211; Hrvatska<\/p>\n\n\n\n<p class=\"has-text-align-center\">Dans mon atelier tout pr\u00e8s du port je m&#8217;adonne \u00e0 la cr\u00e9ation artistique et j&#8217;expose mes s\u00e9rigraphies d&#8217;art optique. <\/p>\n<\/div><\/div>\n\n\n\n<p class=\"has-text-align-center has-text-color\" style=\"color:#66243e\"><strong>STAGES DE S\u00c9RIGRAPHIE ARTISANALE :<\/strong><\/p>\n\n\n\n<blockquote class=\"wp-block-quote\"><p>J&#8217;anime aussi des stages de s\u00e9rigraphie artisanale d&#8217;une semaine du lundi au vendredi matin de 9h \u00e0 12h par petits groupes de 4 stagiaires en juillet et ao\u00fbt 2024. Il s&#8217;agit de stages d&#8217;initiation ne n\u00e9cessitant pas de connaissances pr\u00e9alables ou de stages de perfectionnement. Aucune machine n\u2019est utilis\u00e9e. Depuis le dessin, la pr\u00e9paration de pochoirs et le tirage (passage de la raclette sur l\u2019\u00e9cran), tout est enti\u00e8rement r\u00e9alis\u00e9 \u00e0 la main. Les encres utilis\u00e9es sur le papier, la toile ou le tissu (Tote bag, T-shirt), et tous les autres produits sont non nocifs et enti\u00e8rement biod\u00e9gradables.<br>Prix : 200 euros pour la semaine. Le mat\u00e9riel est fourni.<\/p><\/blockquote>\n\n\n\n<p class=\"has-text-align-center\"><strong>My other websites<\/strong> :  <a rel=\"noreferrer noopener\" href=\"https:\/\/serdart.fr\/\" target=\"_blank\">serdart.fr<\/a>    &#8211;   <a rel=\"noreferrer noopener\" href=\"http:\/\/serigraphie-artisanale.fr\/\" target=\"_blank\">serigraphie-artisanale.fr<\/a>   &#8211;   <a rel=\"noreferrer noopener\" href=\"https:\/\/serdart.com\/\" target=\"_blank\">serdart.com<\/a> &#8211; <a href=\"http:\/\/serdart.hr\" data-type=\"URL\" data-id=\"serdart.hr\" target=\"_blank\" rel=\"noreferrer noopener\">serdart.hr<\/a><\/p>\n\n\n\n<p class=\"has-text-align-center has-text-color\" style=\"color:#66243e\"><strong>Me contacter pour r\u00e9server<\/strong> : <strong><br>+33 6 33 44 38 47 \u2013 <a href=\"mailto:nick@serdart.fr\" target=\"_blank\" rel=\"noreferrer noopener\">nick@serdart.fr<\/a><\/strong><\/p>\n\n\n\n<script type=\"text\/javascript\">\r\ndocument.addEventListener(\"DOMContentLoaded\", function(event) { \r\n\tjQuery( '#slider-pro-3-169' ).sliderPro({\r\n\t\t\/\/width\r\n\t\t\t\twidth: 850,\r\n\t\t\t\t\r\n\t\t\/\/height\r\n\t\t\t\tautoHeight: true,\r\n\t\t\t\t\r\n\t\t\/\/auto play\r\n\t\t\t\t\t\tautoplay: true,\r\n\t\tautoplayOnHover: 'pause',\r\n\t\t\t\t\t\tautoplayDelay: 5000,\r\n\t\t\r\n\t\t\r\n\t\tarrows: true,\r\n\t\tbuttons: true,\r\n\t\tsmallSize: 500,\r\n\t\tmediumSize: 1000,\r\n\t\tlargeSize: 3000,\r\n\t\tfade: false,\r\n\t\t\r\n\t\t\/\/thumbnail\r\n\t\tthumbnailArrows: true,\r\n\t\tthumbnailWidth: 70,\r\n\t\tthumbnailHeight: 70,\r\n\t\t\t\t\t\tthumbnailsPosition: 'bottom',\r\n\t\t\t\t\t\tcenterImage: true,\r\n\t\timageScaleMode: 'contain',\r\n\t\tallowScaleUp: true,\r\n\t\t\t\tstartSlide: 0,\r\n\t\tloop: true,\r\n\t\tslideDistance: 5,\r\n\t\tautoplayDirection: 'normal',\r\n\t\ttouchSwipe: true,\r\n\t\tfullScreen: true,\r\n\t});\r\n});\r\n<\/script>\r\n<style>\r\n\/* Layout 3 *\/\r\n\/* border *\/\r\n#slider-pro-3-169 .sp-selected-thumbnail {\r\n\tborder: 4px solid #000000;\r\n}\r\n\r\n\/* font + color *\/\r\n.title-in  {\r\n\tfont-family: Arial !important;\r\n\tcolor: #FFFFFF !important;\r\n\tbackground-color: #000000 !important;\r\n\topacity: 0.7 !important;\r\n}\r\n.desc-in  {\r\n\tfont-family: Arial !important;\r\n\tcolor: #FFFFFF !important;\r\n\tbackground-color: #00000 !important;\r\n\topacity: 0.7 !important;\r\n}\r\n\r\n\/* bullets color *\/\r\n.sp-button  {\r\n\tborder: 2px solid #000000 !important;\r\n}\r\n.sp-selected-button  {\r\n\tbackground-color: #000000 !important;\r\n}\r\n\r\n\/* pointer color - bottom *\/\r\n.sp-selected-thumbnail::before {\r\n\tborder-bottom: 5px solid #000000 !important;\r\n}\r\n.sp-selected-thumbnail::after {\r\n\tborder-bottom: 13px solid #000000 !important;\r\n}\r\n\r\n\/* pointer color - top *\/\r\n\r\n\/* full screen icon *\/\r\n.sp-full-screen-button::before {\r\n    color: #FFFFFF !important;\r\n}\r\n\r\n\/* hover navigation icon color *\/\r\n.sp-next-arrow::after, .sp-next-arrow::before {\r\n\tbackground-color: #FFFFFF !important;\r\n}\r\n.sp-previous-arrow::after, .sp-previous-arrow::before {\r\n\tbackground-color: #FFFFFF !important;\r\n}\r\n\r\n#slider-pro-3-169 .title-in {\r\n\tcolor: #FFFFFF !important;\r\n\tfont-weight: bolder;\r\n\ttext-align: center;\r\n}\r\n\r\n#slider-pro-3-169 .title-in-bg {\r\n\tbackground: rgba(255, 255, 255, 0.7); !important;\r\n\twhite-space: unset !important;\r\n\tmax-width: 90%;\r\n\tmin-width: 40%;\r\n\ttransform: initial !important;\r\n\t-webkit-transform: initial !important;\r\n\tfont-size: 14px !important;\r\n}\r\n\r\n#slider-pro-3-169 .desc-in {\r\n\tcolor: #FFFFFF !important;\r\n\ttext-align: center;\r\n}\r\n#slider-pro-3-169 .desc-in-bg {\r\n\tbackground: rgba(#00000, 0.7) !important;\r\n\twhite-space: unset !important;\r\n\twidth: 80% !important;\r\n\tmin-width: 30%;\r\n\ttransform: initial !important;\r\n\t-webkit-transform: initial !important;\r\n\tfont-size: 13px !important;\r\n}\r\n\r\n@media (max-width: 640px) {\r\n\t#slider-pro-3-169 .hide-small-screen {\r\n\t\tdisplay: none;\r\n\t}\r\n}\r\n\r\n@media (max-width: 860px) {\r\n\t#slider-pro-3-169 .sp-layer {\r\n\t\tfont-size: 18px;\r\n\t}\r\n\t\r\n\t#slider-pro-3-169 .hide-medium-screen {\r\n\t\tdisplay: none;\r\n\t}\r\n}\r\n.slides-not-found {\r\n\tbackground-color: #a92929;\r\n\tborder-radius: 5px;\r\n\tcolor: #fff;\r\n\tfont-family: initial;\r\n\ttext-align: center;\r\n\tpadding:12px;\r\n}\r\n\/* Custom CSS *\/\r\n<\/style>\r\n\t\t<div id=\"slider-pro-3-169\" class=\"slider-pro\">\r\n\t\t\t<!---- slides div start ---->\r\n\t\t\t<div class=\"sp-slides\">\r\n\t\t\t\t\t\t\t\t\t\t<div class=\"sp-slide\">\r\n\t\t\t\t\t\t\t<img class=\"sp-image\" loading=\"lazy\" alt=\"\" src=\"https:\/\/serdart.eu\/wp-content\/plugins\/ultimate-responsive-image-slider\/assets\/css\/images\/blank.gif\" data-src=\"https:\/\/serdart.eu\/wp-content\/uploads\/2021\/05\/IMG_9468-1024x768-1.jpg\" \/>\r\n\r\n\t\t\t\t\t\t\t\r\n\t\t\t\t\t\t\t\t\t\t\t\t\t<\/div>\r\n\t\t\t\t\t\t\t\t\t\t\t\t<div class=\"sp-slide\">\r\n\t\t\t\t\t\t\t<img class=\"sp-image\" loading=\"lazy\" alt=\"\" src=\"https:\/\/serdart.eu\/wp-content\/plugins\/ultimate-responsive-image-slider\/assets\/css\/images\/blank.gif\" data-src=\"https:\/\/serdart.eu\/wp-content\/uploads\/2021\/05\/IMG_9465-1024x768-1.jpg\" \/>\r\n\r\n\t\t\t\t\t\t\t\r\n\t\t\t\t\t\t\t\t\t\t\t\t\t<\/div>\r\n\t\t\t\t\t\t\t\t\t\t\t\t<div class=\"sp-slide\">\r\n\t\t\t\t\t\t\t<img class=\"sp-image\" loading=\"lazy\" alt=\"\" src=\"https:\/\/serdart.eu\/wp-content\/plugins\/ultimate-responsive-image-slider\/assets\/css\/images\/blank.gif\" data-src=\"https:\/\/serdart.eu\/wp-content\/uploads\/2021\/05\/IMG_9515-1024x768-1.jpg\" \/>\r\n\r\n\t\t\t\t\t\t\t\r\n\t\t\t\t\t\t\t\t\t\t\t\t\t<\/div>\r\n\t\t\t\t\t\t\t\t\t\t\t\t<div class=\"sp-slide\">\r\n\t\t\t\t\t\t\t<img class=\"sp-image\" loading=\"lazy\" alt=\"\" src=\"https:\/\/serdart.eu\/wp-content\/plugins\/ultimate-responsive-image-slider\/assets\/css\/images\/blank.gif\" data-src=\"https:\/\/serdart.eu\/wp-content\/uploads\/2021\/05\/IMG_9481-1024x768-1.jpg\" \/>\r\n\r\n\t\t\t\t\t\t\t\r\n\t\t\t\t\t\t\t\t\t\t\t\t\t<\/div>\r\n\t\t\t\t\t\t\t\t\t\t\t\t<div class=\"sp-slide\">\r\n\t\t\t\t\t\t\t<img class=\"sp-image\" loading=\"lazy\" alt=\"\" src=\"https:\/\/serdart.eu\/wp-content\/plugins\/ultimate-responsive-image-slider\/assets\/css\/images\/blank.gif\" data-src=\"https:\/\/serdart.eu\/wp-content\/uploads\/2021\/05\/IMG_9509-1024x768-1.jpg\" \/>\r\n\r\n\t\t\t\t\t\t\t\r\n\t\t\t\t\t\t\t\t\t\t\t\t\t<\/div>\r\n\t\t\t\t\t\t\t\t\t\t\t\t<div class=\"sp-slide\">\r\n\t\t\t\t\t\t\t<img class=\"sp-image\" loading=\"lazy\" alt=\"\" src=\"https:\/\/serdart.eu\/wp-content\/plugins\/ultimate-responsive-image-slider\/assets\/css\/images\/blank.gif\" data-src=\"https:\/\/serdart.eu\/wp-content\/uploads\/2021\/05\/IMG_9522-763x1024-1.jpg\" \/>\r\n\r\n\t\t\t\t\t\t\t\r\n\t\t\t\t\t\t\t\t\t\t\t\t\t<\/div>\r\n\t\t\t\t\t\t\t\t\t\t\t\t<div class=\"sp-slide\">\r\n\t\t\t\t\t\t\t<img class=\"sp-image\" loading=\"lazy\" alt=\"\" src=\"https:\/\/serdart.eu\/wp-content\/plugins\/ultimate-responsive-image-slider\/assets\/css\/images\/blank.gif\" data-src=\"https:\/\/serdart.eu\/wp-content\/uploads\/2021\/05\/IMG_9500-1024x768-1.jpg\" \/>\r\n\r\n\t\t\t\t\t\t\t\r\n\t\t\t\t\t\t\t\t\t\t\t\t\t<\/div>\r\n\t\t\t\t\t\t\t\t\t\t\t\t<div class=\"sp-slide\">\r\n\t\t\t\t\t\t\t<img class=\"sp-image\" loading=\"lazy\" alt=\"\" src=\"https:\/\/serdart.eu\/wp-content\/plugins\/ultimate-responsive-image-slider\/assets\/css\/images\/blank.gif\" data-src=\"https:\/\/serdart.eu\/wp-content\/uploads\/2021\/05\/IMG_9491-1024x768-1.jpg\" \/>\r\n\r\n\t\t\t\t\t\t\t\r\n\t\t\t\t\t\t\t\t\t\t\t\t\t<\/div>\r\n\t\t\t\t\t\t\t\t\t\t\t\t<div class=\"sp-slide\">\r\n\t\t\t\t\t\t\t<img class=\"sp-image\" loading=\"lazy\" alt=\"\" src=\"https:\/\/serdart.eu\/wp-content\/plugins\/ultimate-responsive-image-slider\/assets\/css\/images\/blank.gif\" data-src=\"https:\/\/serdart.eu\/wp-content\/uploads\/2021\/05\/IMG_9529-763x1024-1.jpg\" \/>\r\n\r\n\t\t\t\t\t\t\t\r\n\t\t\t\t\t\t\t\t\t\t\t\t\t<\/div>\r\n\t\t\t\t\t\t\t\t\t\t\t\t<div class=\"sp-slide\">\r\n\t\t\t\t\t\t\t<img class=\"sp-image\" loading=\"lazy\" alt=\"\" src=\"https:\/\/serdart.eu\/wp-content\/plugins\/ultimate-responsive-image-slider\/assets\/css\/images\/blank.gif\" data-src=\"https:\/\/serdart.eu\/wp-content\/uploads\/2021\/05\/IMG_9517-1024x768-1.jpg\" \/>\r\n\r\n\t\t\t\t\t\t\t\r\n\t\t\t\t\t\t\t\t\t\t\t\t\t<\/div>\r\n\t\t\t\t\t\t\t\t\t\t\t\t<div class=\"sp-slide\">\r\n\t\t\t\t\t\t\t<img class=\"sp-image\" loading=\"lazy\" alt=\"\" src=\"https:\/\/serdart.eu\/wp-content\/plugins\/ultimate-responsive-image-slider\/assets\/css\/images\/blank.gif\" data-src=\"https:\/\/serdart.eu\/wp-content\/uploads\/2021\/05\/IMG_9534-1024x768-1.jpg\" \/>\r\n\r\n\t\t\t\t\t\t\t\r\n\t\t\t\t\t\t\t\t\t\t\t\t\t<\/div>\r\n\t\t\t\t\t\t\t\t\t\t\t\t<div class=\"sp-slide\">\r\n\t\t\t\t\t\t\t<img class=\"sp-image\" loading=\"lazy\" alt=\"\" src=\"https:\/\/serdart.eu\/wp-content\/plugins\/ultimate-responsive-image-slider\/assets\/css\/images\/blank.gif\" data-src=\"https:\/\/serdart.eu\/wp-content\/uploads\/2021\/05\/DSC_1996-copie.jpg\" \/>\r\n\r\n\t\t\t\t\t\t\t\r\n\t\t\t\t\t\t\t\t\t\t\t\t\t<\/div>\r\n\t\t\t\t\t\t\t\t\t\t\t\t<div class=\"sp-slide\">\r\n\t\t\t\t\t\t\t<img class=\"sp-image\" loading=\"lazy\" alt=\"\" src=\"https:\/\/serdart.eu\/wp-content\/plugins\/ultimate-responsive-image-slider\/assets\/css\/images\/blank.gif\" data-src=\"https:\/\/serdart.eu\/wp-content\/uploads\/2021\/05\/IMG_9524-1024x768-1.jpg\" \/>\r\n\r\n\t\t\t\t\t\t\t\r\n\t\t\t\t\t\t\t\t\t\t\t\t\t<\/div>\r\n\t\t\t\t\t\t\t\t\t\t\t\t<div class=\"sp-slide\">\r\n\t\t\t\t\t\t\t<img class=\"sp-image\" loading=\"lazy\" alt=\"\" src=\"https:\/\/serdart.eu\/wp-content\/plugins\/ultimate-responsive-image-slider\/assets\/css\/images\/blank.gif\" data-src=\"https:\/\/serdart.eu\/wp-content\/uploads\/2021\/07\/IMG_6023-scaled.jpg\" \/>\r\n\r\n\t\t\t\t\t\t\t\r\n\t\t\t\t\t\t\t\t\t\t\t\t\t<\/div>\r\n\t\t\t\t\t\t\t\t\t\t\t\t<div class=\"sp-slide\">\r\n\t\t\t\t\t\t\t<img class=\"sp-image\" loading=\"lazy\" alt=\"\" src=\"https:\/\/serdart.eu\/wp-content\/plugins\/ultimate-responsive-image-slider\/assets\/css\/images\/blank.gif\" data-src=\"https:\/\/serdart.eu\/wp-content\/uploads\/2021\/05\/IMG_5362-scaled.jpg\" \/>\r\n\r\n\t\t\t\t\t\t\t\r\n\t\t\t\t\t\t\t\t\t\t\t\t\t<\/div>\r\n\t\t\t\t\t\t\t\t\t\t\t\t<div class=\"sp-slide\">\r\n\t\t\t\t\t\t\t<img class=\"sp-image\" loading=\"lazy\" alt=\"\" src=\"https:\/\/serdart.eu\/wp-content\/plugins\/ultimate-responsive-image-slider\/assets\/css\/images\/blank.gif\" data-src=\"https:\/\/serdart.eu\/wp-content\/uploads\/2021\/05\/IMG_405-scaled.jpg\" \/>\r\n\r\n\t\t\t\t\t\t\t\r\n\t\t\t\t\t\t\t\t\t\t\t\t\t<\/div>\r\n\t\t\t\t\t\t\t\t\t\t\t\t<div class=\"sp-slide\">\r\n\t\t\t\t\t\t\t<img class=\"sp-image\" loading=\"lazy\" alt=\"IMG_6012\" src=\"https:\/\/serdart.eu\/wp-content\/plugins\/ultimate-responsive-image-slider\/assets\/css\/images\/blank.gif\" data-src=\"https:\/\/serdart.eu\/wp-content\/uploads\/2021\/07\/IMG_6012-scaled.jpg\" \/>\r\n\r\n\t\t\t\t\t\t\t\r\n\t\t\t\t\t\t\t\t\t\t\t\t\t<\/div>\r\n\t\t\t\t\t\t\t\t\t\t\t\t<div class=\"sp-slide\">\r\n\t\t\t\t\t\t\t<img class=\"sp-image\" loading=\"lazy\" alt=\"IMG_4353\" src=\"https:\/\/serdart.eu\/wp-content\/plugins\/ultimate-responsive-image-slider\/assets\/css\/images\/blank.gif\" data-src=\"https:\/\/serdart.eu\/wp-content\/uploads\/2021\/08\/IMG_4353-scaled.jpg\" \/>\r\n\r\n\t\t\t\t\t\t\t\r\n\t\t\t\t\t\t\t\t\t\t\t\t\t<\/div>\r\n\t\t\t\t\t\t\t\t\t<\/div>\r\n\t\t\t\r\n\t\t\t<!---- slides div end ---->\r\n\t\t\t\t\t\t<!-- slides thumbnails div start -->\r\n\t\t\t<div class=\"sp-thumbnails\">\r\n\t\t\t\t\t\t\t\t\t\t<img class=\"sp-thumbnail\" loading=\"lazy\" src=\"https:\/\/serdart.eu\/wp-content\/plugins\/ultimate-responsive-image-slider\/assets\/img\/loading.gif\" data-src=\"https:\/\/serdart.eu\/wp-content\/uploads\/2021\/05\/IMG_9468-1024x768-1-300x225.jpg\" alt=\"\"\/>\r\n\t\t\t\t\t\t\t\t\t\t\t<img class=\"sp-thumbnail\" loading=\"lazy\" src=\"https:\/\/serdart.eu\/wp-content\/plugins\/ultimate-responsive-image-slider\/assets\/img\/loading.gif\" data-src=\"https:\/\/serdart.eu\/wp-content\/uploads\/2021\/05\/IMG_9465-1024x768-1-300x225.jpg\" alt=\"\"\/>\r\n\t\t\t\t\t\t\t\t\t\t\t<img class=\"sp-thumbnail\" loading=\"lazy\" src=\"https:\/\/serdart.eu\/wp-content\/plugins\/ultimate-responsive-image-slider\/assets\/img\/loading.gif\" data-src=\"https:\/\/serdart.eu\/wp-content\/uploads\/2021\/05\/IMG_9515-1024x768-1-300x225.jpg\" alt=\"\"\/>\r\n\t\t\t\t\t\t\t\t\t\t\t<img class=\"sp-thumbnail\" loading=\"lazy\" src=\"https:\/\/serdart.eu\/wp-content\/plugins\/ultimate-responsive-image-slider\/assets\/img\/loading.gif\" data-src=\"https:\/\/serdart.eu\/wp-content\/uploads\/2021\/05\/IMG_9481-1024x768-1-300x225.jpg\" alt=\"\"\/>\r\n\t\t\t\t\t\t\t\t\t\t\t<img class=\"sp-thumbnail\" loading=\"lazy\" src=\"https:\/\/serdart.eu\/wp-content\/plugins\/ultimate-responsive-image-slider\/assets\/img\/loading.gif\" data-src=\"https:\/\/serdart.eu\/wp-content\/uploads\/2021\/05\/IMG_9509-1024x768-1-300x225.jpg\" alt=\"\"\/>\r\n\t\t\t\t\t\t\t\t\t\t\t<img class=\"sp-thumbnail\" loading=\"lazy\" src=\"https:\/\/serdart.eu\/wp-content\/plugins\/ultimate-responsive-image-slider\/assets\/img\/loading.gif\" data-src=\"https:\/\/serdart.eu\/wp-content\/uploads\/2021\/05\/IMG_9522-763x1024-1-224x300.jpg\" alt=\"\"\/>\r\n\t\t\t\t\t\t\t\t\t\t\t<img class=\"sp-thumbnail\" loading=\"lazy\" src=\"https:\/\/serdart.eu\/wp-content\/plugins\/ultimate-responsive-image-slider\/assets\/img\/loading.gif\" data-src=\"https:\/\/serdart.eu\/wp-content\/uploads\/2021\/05\/IMG_9500-1024x768-1-300x225.jpg\" alt=\"\"\/>\r\n\t\t\t\t\t\t\t\t\t\t\t<img class=\"sp-thumbnail\" loading=\"lazy\" src=\"https:\/\/serdart.eu\/wp-content\/plugins\/ultimate-responsive-image-slider\/assets\/img\/loading.gif\" data-src=\"https:\/\/serdart.eu\/wp-content\/uploads\/2021\/05\/IMG_9491-1024x768-1-300x225.jpg\" alt=\"\"\/>\r\n\t\t\t\t\t\t\t\t\t\t\t<img class=\"sp-thumbnail\" loading=\"lazy\" src=\"https:\/\/serdart.eu\/wp-content\/plugins\/ultimate-responsive-image-slider\/assets\/img\/loading.gif\" data-src=\"https:\/\/serdart.eu\/wp-content\/uploads\/2021\/05\/IMG_9529-763x1024-1-224x300.jpg\" alt=\"\"\/>\r\n\t\t\t\t\t\t\t\t\t\t\t<img class=\"sp-thumbnail\" loading=\"lazy\" src=\"https:\/\/serdart.eu\/wp-content\/plugins\/ultimate-responsive-image-slider\/assets\/img\/loading.gif\" data-src=\"https:\/\/serdart.eu\/wp-content\/uploads\/2021\/05\/IMG_9517-1024x768-1-300x225.jpg\" alt=\"\"\/>\r\n\t\t\t\t\t\t\t\t\t\t\t<img class=\"sp-thumbnail\" loading=\"lazy\" src=\"https:\/\/serdart.eu\/wp-content\/plugins\/ultimate-responsive-image-slider\/assets\/img\/loading.gif\" data-src=\"https:\/\/serdart.eu\/wp-content\/uploads\/2021\/05\/IMG_9534-1024x768-1-300x225.jpg\" alt=\"\"\/>\r\n\t\t\t\t\t\t\t\t\t\t\t<img class=\"sp-thumbnail\" loading=\"lazy\" src=\"https:\/\/serdart.eu\/wp-content\/plugins\/ultimate-responsive-image-slider\/assets\/img\/loading.gif\" data-src=\"https:\/\/serdart.eu\/wp-content\/uploads\/2021\/05\/DSC_1996-copie-300x218.jpg\" alt=\"\"\/>\r\n\t\t\t\t\t\t\t\t\t\t\t<img class=\"sp-thumbnail\" loading=\"lazy\" src=\"https:\/\/serdart.eu\/wp-content\/plugins\/ultimate-responsive-image-slider\/assets\/img\/loading.gif\" data-src=\"https:\/\/serdart.eu\/wp-content\/uploads\/2021\/05\/IMG_9524-1024x768-1-300x225.jpg\" alt=\"\"\/>\r\n\t\t\t\t\t\t\t\t\t\t\t<img class=\"sp-thumbnail\" loading=\"lazy\" src=\"https:\/\/serdart.eu\/wp-content\/plugins\/ultimate-responsive-image-slider\/assets\/img\/loading.gif\" data-src=\"https:\/\/serdart.eu\/wp-content\/uploads\/2021\/07\/IMG_6023-300x225.jpg\" alt=\"\"\/>\r\n\t\t\t\t\t\t\t\t\t\t\t<img class=\"sp-thumbnail\" loading=\"lazy\" src=\"https:\/\/serdart.eu\/wp-content\/plugins\/ultimate-responsive-image-slider\/assets\/img\/loading.gif\" data-src=\"https:\/\/serdart.eu\/wp-content\/uploads\/2021\/05\/IMG_5362-300x225.jpg\" alt=\"\"\/>\r\n\t\t\t\t\t\t\t\t\t\t\t<img class=\"sp-thumbnail\" loading=\"lazy\" src=\"https:\/\/serdart.eu\/wp-content\/plugins\/ultimate-responsive-image-slider\/assets\/img\/loading.gif\" data-src=\"https:\/\/serdart.eu\/wp-content\/uploads\/2021\/05\/IMG_405-300x228.jpg\" alt=\"\"\/>\r\n\t\t\t\t\t\t\t\t\t\t\t<img class=\"sp-thumbnail\" loading=\"lazy\" src=\"https:\/\/serdart.eu\/wp-content\/plugins\/ultimate-responsive-image-slider\/assets\/img\/loading.gif\" data-src=\"https:\/\/serdart.eu\/wp-content\/uploads\/2021\/07\/IMG_6012-225x300.jpg\" alt=\"IMG_6012\"\/>\r\n\t\t\t\t\t\t\t\t\t\t\t<img class=\"sp-thumbnail\" loading=\"lazy\" src=\"https:\/\/serdart.eu\/wp-content\/plugins\/ultimate-responsive-image-slider\/assets\/img\/loading.gif\" data-src=\"https:\/\/serdart.eu\/wp-content\/uploads\/2021\/08\/IMG_4353-225x300.jpg\" alt=\"IMG_4353\"\/>\r\n\t\t\t\t\t\t\t\t<\/div>\r\n\t\t\t\t\t\t<!-- slides thumbnails div end -->\r\n\t\t<\/div>\r\n\n\n\n\n<p><\/p>\n\n\n\n<p><\/p>\n\n\n\n<p><\/p>\n","protected":false},"excerpt":{"rendered":"<p>L&#8217;atelier de s\u00e9rigraphie artisanale \u00e0 Kor\u010dula Dobrodo\u0161li ! Welcome to my atelier gallery in Kor\u010dula, Croatia ! Bienvenue sur la page de mon atelier \u00e0 Kor\u010dula en Croatie ! STAGES DE S\u00c9RIGRAPHIE ARTISANALE : J&#8217;anime aussi des stages de s\u00e9rigraphie artisanale d&#8217;une semaine du lundi au vendredi matin de 9h \u00e0 12h par petits groupes [&hellip;]<\/p>\n","protected":false},"author":1,"featured_media":0,"parent":0,"menu_order":0,"comment_status":"closed","ping_status":"open","template":"","meta":[],"_links":{"self":[{"href":"https:\/\/serdart.eu\/index.php\/wp-json\/wp\/v2\/pages\/2"}],"collection":[{"href":"https:\/\/serdart.eu\/index.php\/wp-json\/wp\/v2\/pages"}],"about":[{"href":"https:\/\/serdart.eu\/index.php\/wp-json\/wp\/v2\/types\/page"}],"author":[{"embeddable":true,"href":"https:\/\/serdart.eu\/index.php\/wp-json\/wp\/v2\/users\/1"}],"replies":[{"embeddable":true,"href":"https:\/\/serdart.eu\/index.php\/wp-json\/wp\/v2\/comments?post=2"}],"version-history":[{"count":61,"href":"https:\/\/serdart.eu\/index.php\/wp-json\/wp\/v2\/pages\/2\/revisions"}],"predecessor-version":[{"id":302,"href":"https:\/\/serdart.eu\/index.php\/wp-json\/wp\/v2\/pages\/2\/revisions\/302"}],"wp:attachment":[{"href":"https:\/\/serdart.eu\/index.php\/wp-json\/wp\/v2\/media?parent=2"}],"curies":[{"name":"wp","href":"https:\/\/api.w.org\/{rel}","templated":true}]}}